{"id":12,"date":"2013-05-16T18:59:07","date_gmt":"2013-05-16T16:59:07","guid":{"rendered":"http:\/\/www.blume-art.de\/wordpress\/?page_id=12"},"modified":"2013-12-09T14:52:50","modified_gmt":"2013-12-09T12:52:50","slug":"vergangenes","status":"publish","type":"page","link":"http:\/\/www.blume-art.de\/wordpress\/?page_id=12","title":{"rendered":"EVENT aktuell"},"content":{"rendered":"<p>\u00a0\u00a0\u00a0\u00a0\u00a0\u00a0\u00a0\u00a0\u00a0<\/p>\n<h1 style=\"text-align: center;\"><a href=\"http:\/\/www.blume-art.de\/wordpress\/wp-content\/uploads\/2013\/12\/1-.jpg\"><\/a>EINLADUNG<br \/><strong>Bieder war gestern <br \/>Recyceln ist in!<br \/><\/strong>Au\u00dfergew\u00f6hnliches Happening<br \/><b><a href=\"http:\/\/www.blume-art.de\/wordpress\/wp-content\/uploads\/2013\/12\/01.jpg\"><img decoding=\"async\" loading=\"lazy\" alt=\"01\" src=\"http:\/\/www.blume-art.de\/wordpress\/wp-content\/uploads\/2013\/12\/01-235x300.jpg\" width=\"405\" height=\"543\" \/><\/a><br \/><\/b><\/h1>\n<h3 style=\"text-align: center;\" align=\"center\"><b><br \/>TIME to CHANGE<br \/><\/b>Neue SERIE von KUNST- AKTIONEN f\u00fcr 2014<br \/>der Schweinfurter\u00a0 Konzept- Performance-K\u00fcnstlerin<br \/>Petra Blume beginnt mit einem start-up<\/h3>\n<h1 style=\"text-align: center;\"><b>\u00a0<\/b><b>HANDMADE \u00a0<\/b><b>I<\/b><b>\u00a0<\/b><b>\u00a0<\/b><\/h1>\n<p style=\"text-align: center;\" align=\"right\">Jeder Gast mit einem Koffer u.\/o. Tasche mit <br \/>ausrangierten Kleidungsst\u00fccken und Accessoires <br \/>aus dem heimischem Kleiderschrank hat<br \/><b>freien EINTRITT<\/b>\u00a0<\/p>\n<h2 style=\"text-align: center;\" align=\"right\"><b>Kofferinhalte <br \/>fallen im Laufe des Abends <\/b><b>dem <br \/>interaktiven Spiel zum Opfer <\/b><\/h2>\n<p style=\"text-align: center;\" align=\"right\">\u00a0<b>\u201cKRIPPENSPIEL\u201c <\/b>mit Gedanken- und Sch\u00f6pfungsideen<br \/>\u00a0\u00a0\u00a0\u00a0\u00a0\u00a0\u00a0\u00a0\u00a0\u00a0\u00a0\u00a0\u00a0\u00a0\u00a0\u00a0\u00a0\u00a0 zur Geburt von Neuem\u00a0\u00a0\u00a0<\/p>\n<p style=\"text-align: center;\" align=\"right\"><b>\u00a0\u00a0\u00a0\u00a0\u00a0\u00a0\u00a0\u00a0\u00a0\u00a0\u00a0\u00a0\u00a0\u00a0\u00a0\u00a0\u00a0\u00a0\u00a0\u00a0\u00a0\u00a0\u00a0\u00a0\u00a0\u00a0\u00a0\u00a0\u00a0\u00a0\u00a0\u00a0\u00a0\u00a0\u00a0\u00a0\u00a0\u00a0\u00a0\u00a0\u00a0 ZERST\u00d6RUNG<\/b> als<b> <\/b><b>BASIS<br \/><\/b><br \/>Umgestaltung auf vielf\u00e4ltige \u201ehandgreifliche\u201c <b>ART und WEISE<\/b>\u00a0<\/p>\n<p style=\"text-align: center;\" align=\"right\">mit viel <b>SPA\u00df<\/b> und <b>HUMOR<\/b>\u00a0 zu <br \/>unvorhersehbaren Ergebnissen<\/p>\n<p style=\"text-align: center;\" align=\"right\">\u00a0erleben Sie die K\u00fcnstlerin in <b>AKTION<\/b><\/p>\n<p style=\"text-align: center;\" align=\"right\">im phantasievollen freien Umgang mit \u201ealten Klamotten\u201c und<\/p>\n<p style=\"text-align: center;\" align=\"right\">der eigenen<b> <\/b><b>PERS\u00d6NLICHKEIT<\/b><\/p>\n<p style=\"text-align: center;\">\u00a0<a href=\"http:\/\/www.blume-art.de\/wordpress\/wp-content\/uploads\/2013\/12\/021.jpg\"><img decoding=\"async\" loading=\"lazy\" alt=\"02\" src=\"http:\/\/www.blume-art.de\/wordpress\/wp-content\/uploads\/2013\/12\/021-300x219.jpg\" width=\"557\" height=\"350\" \/><\/a><a href=\"http:\/\/www.blume-art.de\/wordpress\/wp-content\/uploads\/2013\/12\/02.jpg\"><\/a><\/p>\n<p><b><br \/><\/b><strong>\u00a0\u00a0\u00a0\u00a0\u00a0\u00a0\u00a0\u00a0\u00a0\u00a0\u00a0\u00a0\u00a0\u00a0\u00a0\u00a0\u00a0\u00a0\u00a0\u00a0\u00a0\u00a0\u00a0 *******************************************************<\/strong><\/p>\n<p>\u00a0\u00a0\u00a0\u00a0\u00a0\u00a0\u00a0\u00a0\u00a0\u00a0\u00a0\u00a0\u00a0\u00a0\u00a0\u00a0\u00a0\u00a0\u00a0\u00a0\u00a0\u00a0\u00a0\u00a0\u00a0\u00a0\u00a0\u00a0\u00a0\u00a0\u00a0\u00a0\u00a0\u00a0\u00a0\u00a0\u00a0\u00a0 <\/p>\n<p style=\"text-align: center;\"><span style=\"color: #0000ff;\"><strong><a href=\"http:\/\/www.blume-art.de\/wordpress\/wp-content\/uploads\/2013\/05\/21-.jpg\"><img decoding=\"async\" loading=\"lazy\" alt=\"21\" src=\"http:\/\/www.blume-art.de\/wordpress\/wp-content\/uploads\/2013\/05\/21--249x300.jpg\" width=\"249\" height=\"300\" \/><\/a><\/p>\n<p>ZUR\u00a0 LANDESAUSSTELLUNG<\/strong>\u00a0<\/span><b><span style=\"color: #0000ff;\"> SCHWEINFURT<\/span><br \/><span style=\"color: #0000ff;\">\u00a0<a href=\"http:\/\/www.blume-art.de\/wordpress\/wp-content\/uploads\/2013\/05\/04-1.jpg\"><\/a>\u201eMain und MEER\u201c\u00a0\u00a0 2013\u00a0\u00a0 [8.5.-13.10.]<\/span><\/b><\/p>\n<p style=\"text-align: center;\"><b><span style=\"color: #0000ff;\">\u201eUNDINE kommt\u201c<\/span>\u00a0 unerwartet &#8211; irgendwo &#8211; irgendwann <\/b><b><\/b><\/p>\n<p style=\"text-align: center;\">\n<p><a href=\"http:\/\/www.blume-art.de\/wordpress\/wp-content\/uploads\/2013\/05\/2-_Bildgr\u00f6\u00dfe-\u00e4ndern.jpg\"><img decoding=\"async\" loading=\"lazy\" alt=\"2 _Bildgr\u00f6\u00dfe \u00e4ndern\" src=\"http:\/\/www.blume-art.de\/wordpress\/wp-content\/uploads\/2013\/05\/2-_Bildgr\u00f6\u00dfe-\u00e4ndern-300x71.jpg\" width=\"300\" height=\"71\" \/><\/a><\/p>\n<p style=\"text-align: center;\">Vier K\u00fcnstlerinnen\u00a0 tauchen auf :\u00a0 <br \/><b>spontan, ohne Vorwarnung !<\/b><\/p>\n<p style=\"text-align: center;\">Innerhalb des Ausstellungsjahres 2013 \u00a0\u201eMain und MEER\u201c in Schweinfurt \u00a0werden 4 K\u00fcnstlerinnen \u00fcberraschend, unerwartet an verschiedenen Veranstaltungsorten des Begleitprogramms\u00a0 \u201eMain und Meer\u201c erscheinen.<\/p>\n<p style=\"text-align: center;\"><b>\u00a0\u201eUNDINE kommt\u201c <\/b>ist eine <b>flie\u00dfende Gemeinschafts-Performance<\/b> von \u00a0vier Protagonistinnen nach einer IDEE\u00a0von\u00a0\u00a0\u00a0\u00a0\u00a0\u00a0 <b>PETRA BLUME<\/b> (Konzeptkunst) <br \/><b><br \/><\/b><\/p>\n<p style=\"text-align: center;\">4 FRAUEN begeben sich auf die Suche nach weiblichen Aspekten des G\u00f6ttlichen, auf die Suche nach <b>IHR.<\/b><\/p>\n<p style=\"text-align: center;\"><strong>\u00a0\u00a0\u00a0\u00a0\u00a0\u00a0\u00a0\u00a0\u00a0\u00a0<span style=\"color: #0000ff;\"> Es kommt darauf an immer im Fluss zu bleiben,<\/span><br \/><span style=\"color: #0000ff;\">\u00a0\u00a0\u00a0\u00a0\u00a0\u00a0\u00a0\u00a0\u00a0\u00a0\u00a0\u00a0\u00a0\u00a0\u00a0\u00a0\u00a0\u00a0\u00a0\u00a0\u00a0\u00a0\u00a0\u00a0\u00a0\u00a0\u00a0 damit\u00a0<b><span style=\"color: #ffffff;\">SIE<\/span>\u00a0<\/b>\u00a0nicht zu\u00a0<span style=\"color: #ffffff;\">EIS<b> <\/b><\/span>erstarrt\u00a0 <\/span><\/p>\n<p><\/strong><\/p>\n<p>\u00a0<a href=\"http:\/\/www.blume-art.de\/wordpress\/wp-content\/uploads\/2013\/05\/1-.jpg\"><img decoding=\"async\" loading=\"lazy\" class=\"alignnone size-medium wp-image-261\" alt=\"1\" src=\"http:\/\/www.blume-art.de\/wordpress\/wp-content\/uploads\/2013\/05\/1--300x208.jpg\" width=\"330\" height=\"207\" \/><\/a><br \/><strong>SUSANNE PFITSCHLER-SCHMITT<\/strong> (Sopran)<\/p>\n<p><a href=\"http:\/\/www.blume-art.de\/wordpress\/wp-content\/uploads\/2013\/05\/2-1.jpg\"><img decoding=\"async\" loading=\"lazy\" class=\"alignnone size-medium wp-image-262\" alt=\"2\" src=\"http:\/\/www.blume-art.de\/wordpress\/wp-content\/uploads\/2013\/05\/2-1-294x300.jpg\" width=\"327\" height=\"299\" \/><\/a><br \/><strong>PETRA BLUME<\/strong> (Konzept-Kunst)<\/p>\n<p><a href=\"http:\/\/www.blume-art.de\/wordpress\/wp-content\/uploads\/2013\/05\/3-1.jpg\"><img decoding=\"async\" loading=\"lazy\" class=\"alignnone size-medium wp-image-263\" alt=\"3\" src=\"http:\/\/www.blume-art.de\/wordpress\/wp-content\/uploads\/2013\/05\/3-1-300x279.jpg\" width=\"321\" height=\"277\" \/><\/a><br \/><strong>LISA KUTTNER<\/strong> (Zeitgen\u00f6ssischer Tanz)<\/p>\n<p><a href=\"http:\/\/www.blume-art.de\/wordpress\/wp-content\/uploads\/2013\/05\/4-1.jpg\"><img decoding=\"async\" loading=\"lazy\" class=\"alignnone size-medium wp-image-264\" alt=\"4\" src=\"http:\/\/www.blume-art.de\/wordpress\/wp-content\/uploads\/2013\/05\/4-1-300x251.jpg\" width=\"320\" height=\"251\" \/><\/a> <br \/><strong>BETTINA SCHMITZ<\/strong> (Philosophie\/Poesie)<\/p>\n<p><a href=\"http:\/\/www.blume-art.de\/wordpress\/wp-content\/uploads\/2013\/05\/5-1.jpg\"><img decoding=\"async\" loading=\"lazy\" class=\"alignnone size-medium wp-image-265\" alt=\"5\" src=\"http:\/\/www.blume-art.de\/wordpress\/wp-content\/uploads\/2013\/05\/5-1-300x190.jpg\" width=\"300\" height=\"190\" srcset=\"http:\/\/www.blume-art.de\/wordpress\/wp-content\/uploads\/2013\/05\/5-1-300x190.jpg 300w, http:\/\/www.blume-art.de\/wordpress\/wp-content\/uploads\/2013\/05\/5-1.jpg 940w\" sizes=\"(max-width: 300px) 100vw, 300px\" \/><\/a> <a href=\"http:\/\/www.blume-art.de\/wordpress\/wp-content\/uploads\/2013\/05\/6-2.jpg\"><img decoding=\"async\" loading=\"lazy\" class=\"alignnone size-medium wp-image-266\" alt=\"6\" src=\"http:\/\/www.blume-art.de\/wordpress\/wp-content\/uploads\/2013\/05\/6-2-300x222.jpg\" width=\"300\" height=\"222\" srcset=\"http:\/\/www.blume-art.de\/wordpress\/wp-content\/uploads\/2013\/05\/6-2-300x222.jpg 300w, http:\/\/www.blume-art.de\/wordpress\/wp-content\/uploads\/2013\/05\/6-2.jpg 940w\" sizes=\"(max-width: 300px) 100vw, 300px\" \/><\/a> <a href=\"http:\/\/www.blume-art.de\/wordpress\/wp-content\/uploads\/2013\/05\/7-.jpg\"><img decoding=\"async\" loading=\"lazy\" class=\"alignnone size-medium wp-image-267\" alt=\"7\" src=\"http:\/\/www.blume-art.de\/wordpress\/wp-content\/uploads\/2013\/05\/7--300x251.jpg\" width=\"300\" height=\"251\" srcset=\"http:\/\/www.blume-art.de\/wordpress\/wp-content\/uploads\/2013\/05\/7--300x251.jpg 300w, http:\/\/www.blume-art.de\/wordpress\/wp-content\/uploads\/2013\/05\/7-.jpg 940w\" sizes=\"(max-width: 300px) 100vw, 300px\" \/><\/a> <a href=\"http:\/\/www.blume-art.de\/wordpress\/wp-content\/uploads\/2013\/05\/8-.jpg\"><img decoding=\"async\" loading=\"lazy\" class=\"alignnone size-medium wp-image-268\" alt=\"8\" src=\"http:\/\/www.blume-art.de\/wordpress\/wp-content\/uploads\/2013\/05\/8--258x300.jpg\" width=\"258\" height=\"300\" srcset=\"http:\/\/www.blume-art.de\/wordpress\/wp-content\/uploads\/2013\/05\/8--258x300.jpg 258w, http:\/\/www.blume-art.de\/wordpress\/wp-content\/uploads\/2013\/05\/8--883x1024.jpg 883w, http:\/\/www.blume-art.de\/wordpress\/wp-content\/uploads\/2013\/05\/8-.jpg 940w\" sizes=\"(max-width: 258px) 100vw, 258px\" \/><\/a> <a href=\"http:\/\/www.blume-art.de\/wordpress\/wp-content\/uploads\/2013\/05\/9-.jpg\"><img decoding=\"async\" loading=\"lazy\" class=\"alignnone size-medium wp-image-269\" alt=\"9\" src=\"http:\/\/www.blume-art.de\/wordpress\/wp-content\/uploads\/2013\/05\/9--300x222.jpg\" width=\"300\" height=\"222\" srcset=\"http:\/\/www.blume-art.de\/wordpress\/wp-content\/uploads\/2013\/05\/9--300x222.jpg 300w, http:\/\/www.blume-art.de\/wordpress\/wp-content\/uploads\/2013\/05\/9-.jpg 940w\" sizes=\"(max-width: 300px) 100vw, 300px\" \/><\/a> <a href=\"http:\/\/www.blume-art.de\/wordpress\/wp-content\/uploads\/2013\/05\/10-.jpg\"><img decoding=\"async\" loading=\"lazy\" class=\"alignnone size-medium wp-image-270\" alt=\"10\" src=\"http:\/\/www.blume-art.de\/wordpress\/wp-content\/uploads\/2013\/05\/10--300x177.jpg\" width=\"300\" height=\"177\" srcset=\"http:\/\/www.blume-art.de\/wordpress\/wp-content\/uploads\/2013\/05\/10--300x177.jpg 300w, http:\/\/www.blume-art.de\/wordpress\/wp-content\/uploads\/2013\/05\/10-.jpg 940w\" sizes=\"(max-width: 300px) 100vw, 300px\" \/><\/a> <a href=\"http:\/\/www.blume-art.de\/wordpress\/wp-content\/uploads\/2013\/05\/11-.jpg\"><img decoding=\"async\" loading=\"lazy\" class=\"alignnone size-medium wp-image-271\" alt=\"11\" src=\"http:\/\/www.blume-art.de\/wordpress\/wp-content\/uploads\/2013\/05\/11--175x300.jpg\" width=\"175\" height=\"300\" srcset=\"http:\/\/www.blume-art.de\/wordpress\/wp-content\/uploads\/2013\/05\/11--175x300.jpg 175w, http:\/\/www.blume-art.de\/wordpress\/wp-content\/uploads\/2013\/05\/11--598x1024.jpg 598w, http:\/\/www.blume-art.de\/wordpress\/wp-content\/uploads\/2013\/05\/11-.jpg 940w\" sizes=\"(max-width: 175px) 100vw, 175px\" \/><\/a> <a href=\"http:\/\/www.blume-art.de\/wordpress\/wp-content\/uploads\/2013\/05\/12-.jpg\"><img decoding=\"async\" loading=\"lazy\" class=\"alignnone size-medium wp-image-272\" alt=\"12\" src=\"http:\/\/www.blume-art.de\/wordpress\/wp-content\/uploads\/2013\/05\/12--199x300.jpg\" width=\"199\" height=\"300\" srcset=\"http:\/\/www.blume-art.de\/wordpress\/wp-content\/uploads\/2013\/05\/12--199x300.jpg 199w, http:\/\/www.blume-art.de\/wordpress\/wp-content\/uploads\/2013\/05\/12--681x1024.jpg 681w, http:\/\/www.blume-art.de\/wordpress\/wp-content\/uploads\/2013\/05\/12-.jpg 940w\" sizes=\"(max-width: 199px) 100vw, 199px\" \/><\/a> <a href=\"http:\/\/www.blume-art.de\/wordpress\/wp-content\/uploads\/2013\/05\/13-.jpg\"><img decoding=\"async\" loading=\"lazy\" class=\"alignnone size-medium wp-image-273\" alt=\"13\" src=\"http:\/\/www.blume-art.de\/wordpress\/wp-content\/uploads\/2013\/05\/13--300x199.jpg\" width=\"300\" height=\"199\" srcset=\"http:\/\/www.blume-art.de\/wordpress\/wp-content\/uploads\/2013\/05\/13--300x199.jpg 300w, http:\/\/www.blume-art.de\/wordpress\/wp-content\/uploads\/2013\/05\/13-.jpg 940w\" sizes=\"(max-width: 300px) 100vw, 300px\" \/><\/a> <a href=\"http:\/\/www.blume-art.de\/wordpress\/wp-content\/uploads\/2013\/05\/14-.jpg\"><img decoding=\"async\" loading=\"lazy\" class=\"alignnone size-medium wp-image-274\" alt=\"14\" src=\"http:\/\/www.blume-art.de\/wordpress\/wp-content\/uploads\/2013\/05\/14--300x225.jpg\" width=\"300\" height=\"225\" srcset=\"http:\/\/www.blume-art.de\/wordpress\/wp-content\/uploads\/2013\/05\/14--300x225.jpg 300w, http:\/\/www.blume-art.de\/wordpress\/wp-content\/uploads\/2013\/05\/14-.jpg 940w\" sizes=\"(max-width: 300px) 100vw, 300px\" \/><\/a> <a href=\"http:\/\/www.blume-art.de\/wordpress\/wp-content\/uploads\/2013\/05\/15-.jpg\"><img decoding=\"async\" loading=\"lazy\" class=\"alignnone size-medium wp-image-275\" alt=\"15\" src=\"http:\/\/www.blume-art.de\/wordpress\/wp-content\/uploads\/2013\/05\/15--300x300.jpg\" width=\"300\" height=\"300\" srcset=\"http:\/\/www.blume-art.de\/wordpress\/wp-content\/uploads\/2013\/05\/15--300x300.jpg 300w, http:\/\/www.blume-art.de\/wordpress\/wp-content\/uploads\/2013\/05\/15--150x150.jpg 150w, http:\/\/www.blume-art.de\/wordpress\/wp-content\/uploads\/2013\/05\/15-.jpg 940w\" sizes=\"(max-width: 300px) 100vw, 300px\" \/><\/a> <a href=\"http:\/\/www.blume-art.de\/wordpress\/wp-content\/uploads\/2013\/05\/16-.jpg\"><img decoding=\"async\" loading=\"lazy\" class=\"alignnone size-medium wp-image-276\" alt=\"16\" src=\"http:\/\/www.blume-art.de\/wordpress\/wp-content\/uploads\/2013\/05\/16--157x300.jpg\" width=\"157\" height=\"300\" srcset=\"http:\/\/www.blume-art.de\/wordpress\/wp-content\/uploads\/2013\/05\/16--157x300.jpg 157w, http:\/\/www.blume-art.de\/wordpress\/wp-content\/uploads\/2013\/05\/16--536x1024.jpg 536w, http:\/\/www.blume-art.de\/wordpress\/wp-content\/uploads\/2013\/05\/16-.jpg 940w\" sizes=\"(max-width: 157px) 100vw, 157px\" \/><\/a> <a href=\"http:\/\/www.blume-art.de\/wordpress\/wp-content\/uploads\/2013\/05\/17-.jpg\"><img decoding=\"async\" loading=\"lazy\" class=\"alignnone size-medium wp-image-277\" alt=\"17\" src=\"http:\/\/www.blume-art.de\/wordpress\/wp-content\/uploads\/2013\/05\/17--128x300.jpg\" width=\"128\" height=\"300\" srcset=\"http:\/\/www.blume-art.de\/wordpress\/wp-content\/uploads\/2013\/05\/17--128x300.jpg 128w, http:\/\/www.blume-art.de\/wordpress\/wp-content\/uploads\/2013\/05\/17--437x1024.jpg 437w, http:\/\/www.blume-art.de\/wordpress\/wp-content\/uploads\/2013\/05\/17-.jpg 940w\" sizes=\"(max-width: 128px) 100vw, 128px\" \/><\/a> <a href=\"http:\/\/www.blume-art.de\/wordpress\/wp-content\/uploads\/2013\/05\/18-.jpg\"><img decoding=\"async\" loading=\"lazy\" class=\"alignnone size-medium wp-image-278\" alt=\"18\" src=\"http:\/\/www.blume-art.de\/wordpress\/wp-content\/uploads\/2013\/05\/18--300x199.jpg\" width=\"300\" height=\"199\" srcset=\"http:\/\/www.blume-art.de\/wordpress\/wp-content\/uploads\/2013\/05\/18--300x199.jpg 300w, http:\/\/www.blume-art.de\/wordpress\/wp-content\/uploads\/2013\/05\/18-.jpg 940w\" sizes=\"(max-width: 300px) 100vw, 300px\" \/><\/a> <a href=\"http:\/\/www.blume-art.de\/wordpress\/wp-content\/uploads\/2013\/05\/19-.jpg\"><img decoding=\"async\" loading=\"lazy\" class=\"alignnone size-medium wp-image-279\" alt=\"19\" src=\"http:\/\/www.blume-art.de\/wordpress\/wp-content\/uploads\/2013\/05\/19--300x199.jpg\" width=\"300\" height=\"199\" srcset=\"http:\/\/www.blume-art.de\/wordpress\/wp-content\/uploads\/2013\/05\/19--300x199.jpg 300w, http:\/\/www.blume-art.de\/wordpress\/wp-content\/uploads\/2013\/05\/19-.jpg 940w\" sizes=\"(max-width: 300px) 100vw, 300px\" \/><\/a> <a href=\"http:\/\/www.blume-art.de\/wordpress\/wp-content\/uploads\/2013\/05\/20-.jpg\"><img decoding=\"async\" loading=\"lazy\" class=\"alignnone size-medium wp-image-280\" alt=\"20\" src=\"http:\/\/www.blume-art.de\/wordpress\/wp-content\/uploads\/2013\/05\/20--300x199.jpg\" width=\"300\" height=\"199\" srcset=\"http:\/\/www.blume-art.de\/wordpress\/wp-content\/uploads\/2013\/05\/20--300x199.jpg 300w, http:\/\/www.blume-art.de\/wordpress\/wp-content\/uploads\/2013\/05\/20-.jpg 940w\" sizes=\"(max-width: 300px) 100vw, 300px\" \/><\/a><\/p>\n<p style=\"text-align: center;\"><strong>\u00a0\u00a0\u00a0\u00a0\u00a0\u00a0\u00a0\u00a0\u00a0\u00a0\u00a0\u00a0\u00a0\u00a0\u00a0\u00a0\u00a0\u00a0\u00a0\u00a0\u00a0\u00a0\u00a0\u00a0\u00a0\u00a0\u00a0\u00a0 <span style=\"color: #0000ff;\">\u201eUndine &#8211; aus Wasser geboren\u201c<\/span><\/strong><span style=\"color: #0000ff;\">\u00a0\u00a0<\/span><br \/>aus dem Gedicht \u201eD<i>ie Geburt des Wortes<\/i>\u201c von <span style=\"text-decoration: underline;\">BETTINA SCHMITZ<\/span>\u00a0 begleitet auf der Reise von Ort zu Ort. Die Suche nach IHR entspricht einem\u00a0 inneren Prozess. Wozu m\u00f6gen z.B.\u00a0 silberne Schalen, Rollstuhl, Fischschw\u00e4nze dienen, die die K\u00fcnstlerinnen mit sich f\u00fchren? Metapherntragende Reliquien,\u00a0 die die K\u00fcnstlerinnen mit sich f\u00fchren spiegeln\u00a0 Aspekte von Macht , Vitalit\u00e4t, Sch\u00f6nheit ,Leben und Tod. <span style=\"text-decoration: underline;\">LISA KUTTNER<\/span> tanzt \u00a0MACHT\u00a0 (Musik J\u00fcrgen Schmitt) als ein energievolles Ausmessen und Gestalten eines Raumes. Hildegard von Bingens Marienanrufung\u00a0 wird zum innigen Duett von Stimme und Bewegung.\u00a0 Expressiv \u00e4u\u00dfert sich VITALIT\u00c4T in der Interpretation der K\u00f6nigin der Nacht sowie einer gesungenen Strophe des Undine-Gedichts\u00a0 durch <span style=\"text-decoration: underline;\">SUSANNE PFITSCHLER- SCHMITT<\/span>\u00a0 . Die Anrufung von Didos alter WEISHEIT verinnerlicht diese Erfahrung. <span style=\"text-decoration: underline;\">\u00a0PETRA BLUMES<\/span> Videoclips verweisen auf Konfliktpotentiale auf der Reise durch die Welt, durch das innere und \u00e4u\u00dfere Leben. Was gibt das Wasser preis? Was zeigt sich im Wasser? Die G\u00f6ttin, wir selbst oder \u2026?<\/p>\n<p style=\"text-align: center;\"><b>SIE <\/b>ist Vergangenheit, Gegenwart und Zukunft -universell, elementar, ubiquit\u00e4r, mannigfaltig, wandelbar &#8211; klar und rein, dunkel und unergr\u00fcndlich &#8211;\u00a0 k\u00fchl, fest, schmelzend, flie\u00dfend, fl\u00fcssig und fl\u00fcchtig &#8211; sch\u00f6n und grauenhaft &#8211;\u00a0\u00a0 Leben und\u00a0 Tod &#8211;\u00a0 Freude und Trauer &#8211;\u00a0Quelle, Flu\u00df und Meer<\/p>\n<p style=\"text-align: center;\"><b><span style=\"color: #ff0000;\">UNDINE<\/span> <span style=\"color: #ff0000;\">ist Natur pur\u00a0<br \/>Ihr geh\u00f6rt unser Herz, unsere SEELE <br \/><span style=\"color: #ffffff;\">\u00a0\u00a0 S IE<\/span> ist <span style=\"color: #ffffff;\">WIR\u00a0<\/span><br \/><span style=\"color: #ffffff;\">WIR<\/span> sind<span style=\"color: #ffffff;\"> SIE<\/span><\/span><\/b><\/p>\n<p style=\"text-align: center;\">Die vielf\u00e4ltigen Talenten der K\u00fcnstlerinnen <br \/>entsprechen <br \/>den vielen Facetten UNDINES\u00a0\u00a0<\/p>\n<p style=\"text-align: center;\"><i><span style=\"color: #0000ff;\">\u201e\u2026.undine kommt &#8211; aus wasser geboren &#8211; in fetzen l\u00e4uft sie &#8211; \u00fcber silberne br\u00fccken &#8211; auf der suche nach dem wort \u2013 wort \u2013 ort\u2026\u2026\u201c<\/span> <\/p>\n<p>siehe auch unter\u00a0\u00a0 <a href=\"http:\/\/www.mainundmeer.de\/\">http:\/\/www.mainundmeer.de\/<\/a><br \/><\/i><\/p>\n","protected":false},"excerpt":{"rendered":"<p>\u00a0\u00a0\u00a0\u00a0\u00a0\u00a0\u00a0\u00a0\u00a0 EINLADUNGBieder war gestern Recyceln ist in!Au\u00dfergew\u00f6hnliches Happening TIME to CHANGENeue SERIE von KUNST- AKTIONEN f\u00fcr 2014der Schweinfurter\u00a0 Konzept- Performance-K\u00fcnstlerinPetra Blume beginnt mit einem start-up \u00a0HANDMADE \u00a0I\u00a0\u00a0 Jeder Gast mit einem Koffer u.\/o. Tasche mit ausrangierten Kleidungsst\u00fccken und Accessoires aus &hellip; <a href=\"http:\/\/www.blume-art.de\/wordpress\/?page_id=12\">Weiterlesen <span class=\"meta-nav\">&rarr;<\/span><\/a><\/p>\n","protected":false},"author":1,"featured_media":0,"parent":0,"menu_order":0,"comment_status":"closed","ping_status":"closed","template":"","meta":[],"_links":{"self":[{"href":"http:\/\/www.blume-art.de\/wordpress\/index.php?rest_route=\/wp\/v2\/pages\/12"}],"collection":[{"href":"http:\/\/www.blume-art.de\/wordpress\/index.php?rest_route=\/wp\/v2\/pages"}],"about":[{"href":"http:\/\/www.blume-art.de\/wordpress\/index.php?rest_route=\/wp\/v2\/types\/page"}],"author":[{"embeddable":true,"href":"http:\/\/www.blume-art.de\/wordpress\/index.php?rest_route=\/wp\/v2\/users\/1"}],"replies":[{"embeddable":true,"href":"http:\/\/www.blume-art.de\/wordpress\/index.php?rest_route=%2Fwp%2Fv2%2Fcomments&post=12"}],"version-history":[{"count":47,"href":"http:\/\/www.blume-art.de\/wordpress\/index.php?rest_route=\/wp\/v2\/pages\/12\/revisions"}],"predecessor-version":[{"id":680,"href":"http:\/\/www.blume-art.de\/wordpress\/index.php?rest_route=\/wp\/v2\/pages\/12\/revisions\/680"}],"wp:attachment":[{"href":"http:\/\/www.blume-art.de\/wordpress\/index.php?rest_route=%2Fwp%2Fv2%2Fmedia&parent=12"}],"curies":[{"name":"wp","href":"https:\/\/api.w.org\/{rel}","templated":true}]}}